{"id":96,"date":"2016-12-30T15:32:28","date_gmt":"2016-12-30T14:32:28","guid":{"rendered":"http:\/\/www.mtk-it.de\/?page_id=96"},"modified":"2023-08-16T11:20:01","modified_gmt":"2023-08-16T09:20:01","slug":"impressum","status":"publish","type":"page","link":"https:\/\/www.petramissal.de\/?page_id=96","title":{"rendered":"Impressum"},"content":{"rendered":"<table border=\"0\" width=\"98%\" cellspacing=\"0\" cellpadding=\"0\">\n<tbody>\n<tr>\n<td class=\"schrift14\">\n<table border=\"0\" width=\"70%\" cellspacing=\"0\" cellpadding=\"0\" align=\"center\">\n<tbody>\n<tr>\n<td class=\"schrift14\" valign=\"bottom\">Petra Missal<\/td>\n<td class=\"schrift14\" valign=\"bottom\"><strong>Malerei, Collage\u00a0 und Monotypie<\/strong><\/td>\n<\/tr>\n<tr>\n<td class=\"schrift14\" valign=\"bottom\">Lindauer Weg 1<br \/>\nT: 02131\/ 666510<\/td>\n<td class=\"schrift14\" valign=\"bottom\">41564 Kaarst<br \/>\nE:\u00a0<a href=\"mailto:info@petramissal.de\">info@petramissal.de<\/a><\/td>\n<\/tr>\n<tr>\n<td class=\"schrift14\" colspan=\"2\">Steuernr.: 122\/5194\/ 2051<a href=\"http:\/\/www.petramissal.de\/\" target=\"_blank\" rel=\"noopener noreferrer\"><strong>www.petramissal.de<\/strong><\/a><br \/>\n<strong><a href=\"http:\/\/www.pe-art.de\/\" target=\"_blank\" rel=\"noopener noreferrer\">www.pe-art.de<\/a><\/strong><\/td>\n<\/tr>\n<\/tbody>\n<\/table>\n<\/td>\n<\/tr>\n<tr>\n<td class=\"schrift14\">Wenn Sie Interesse an meiner Kunst haben, nehmen Sie telefonisch oder per E-Mail Kontakt mit mir auf. Selbstverst\u00e4ndlich ist es auch m\u00f6glich, mich pers\u00f6nlich in meinem Atelier zu treffen und dort ein erstes Gespr\u00e4ch zu f\u00fchren. Ich bin auch gerne bereit unverbindlich zun\u00e4chst weitere detaillierte Fotos zu mailen oder komme mit einer Auswahl meiner Unikate zu Ihnen, um vor Ort zu entscheiden, welches Bild am besten passt!!Versand ist meist m\u00f6glich, fragen Sie mich!<\/p>\n<p><strong>Bitte beachten Sie,<\/strong>\u00a0dass ein Blick auf den Bildschirm nicht den direkten Kontakt mit den Kunstwerken ersetzen kann. Die Wiedergabe ist oft nicht authentisch. Besonders die Farben sind manchmal abweichend und Strukturen im Bild\u00a0 sind kaum erkennbar!<br \/>\nDie Gr\u00f6\u00dfe wirkt t\u00e4uschend und falsch, da am Bildschirm alle Bilder\/ Objekte gleich gro\u00df erscheinen. Es ist empfehlenswert, meine\u00a0 Ausstellungen zu besuchen! Ich freue mich auf Ihren Besuch! Ich komme auch gerne mit einer Auswahl von Bildern zu Ihnen!\u00a0<a href=\"mailto:info@petramissal.de\">info@petramissal.de<\/a><b><\/b><\/td>\n<\/tr>\n<tr>\n<td class=\"schrift14\"><strong>Haftungshinweis:<\/strong><br \/>\nTrotz sorgf\u00e4ltiger inhaltlicher Kontrolle \u00fcbernehme ich keine Haftung f\u00fcr die Inhalte externer Links. F\u00fcr den Inhalt der verlinkten Seiten sind ausschlie\u00dflich deren Betreiber verantwortlich.<\/td>\n<\/tr>\n<tr>\n<td class=\"schrift14\"><strong>Hinweis\/Copyright:<\/strong><br \/>\nAlle auf dieser Homepage ver\u00f6ffentlichen Abbildungen und Modelle sind urheberrechtlich gesch\u00fctzt und d\u00fcrfen nicht kopiert, reproduziert, bearbeitet, gespeichert oder ausgestellt werden.<\/td>\n<\/tr>\n<tr>\n<td class=\"schrift14\"><strong>Hinweise\/Infos f\u00fcr Kaarster Tauschring:<\/strong><br \/>\nIch bin Kontaktperson f\u00fcr den Kaarster Tauschring. Wir tauschen Hilfsleistungen (Haushaltshilfe, Computer, N\u00e4hen, Anstreichen, Fahrdienste uvm.) und Waren (Kleidung, Haushaltswaren, Dekoartikel, B\u00fccher usw.). Wir treffen uns abends ca. 19 Uhr in Kaarst-Holzb\u00fcttgen im Bischofshof, K\u00f6nigstr. 24, n\u00e4chsten Termin bitte tel. oder per Mail anfragen!<br \/>\nBitte anmelden ( T. 02131\/666510 , E-Mail:info@petramissal.de) oder zu unserem Treffen kommen! Au\u00dferhalb dieser Termine auch Treffen bei Petra Missal privat m\u00f6glich zum Informationsaustausch. Wir freuen uns \u00fcber neue Mitglieder!<\/td>\n<\/tr>\n<\/tbody>\n<\/table>\n","protected":false},"excerpt":{"rendered":"<p>Petra Missal Malerei, Collage\u00a0 und Monotypie Lindauer Weg 1 T: 02131\/ 666510 41564 Kaarst E:\u00a0info@petramissal.de Steuernr.: 122\/5194\/ 2051www.petramissal.de www.pe-art.de Wenn Sie Interesse an meiner Kunst haben, nehmen Sie telefonisch oder per E-Mail Kontakt mit mir auf. Selbstverst\u00e4ndlich ist es auch<\/p>\n","protected":false},"author":1,"featured_media":0,"parent":0,"menu_order":0,"comment_status":"closed","ping_status":"closed","template":"","meta":{"footnotes":""},"class_list":["post-96","page","type-page","status-publish","hentry"],"yoast_head":"<!-- This site is optimized with the Yoast SEO plugin v16.1.1 - https:\/\/yoast.com\/wordpress\/plugins\/seo\/ -->\n<title>Impressum - petramissal<\/title>\n<link rel=\"canonical\" href=\"https:\/\/www.petramissal.de\/?page_id=96\" \/>\n<meta property=\"og:locale\" content=\"de_DE\" \/>\n<meta property=\"og:type\" content=\"article\" \/>\n<meta property=\"og:title\" content=\"Impressum - petramissal\" \/>\n<meta property=\"og:description\" content=\"Petra Missal Malerei, Collage\u00a0 und Monotypie Lindauer Weg 1 T: 02131\/ 666510 41564 Kaarst E:\u00a0info@petramissal.de Steuernr.: 122\/5194\/ 2051www.petramissal.de www.pe-art.de Wenn Sie Interesse an meiner Kunst haben, nehmen Sie telefonisch oder per E-Mail Kontakt mit mir auf. Selbstverst\u00e4ndlich ist es auch\" \/>\n<meta property=\"og:url\" content=\"https:\/\/www.petramissal.de\/?page_id=96\" \/>\n<meta property=\"og:site_name\" content=\"petramissal\" \/>\n<meta property=\"article:modified_time\" content=\"2023-08-16T09:20:01+00:00\" \/>\n<meta name=\"twitter:card\" content=\"summary_large_image\" \/>\n<meta name=\"twitter:label1\" content=\"Gesch\u00e4tzte Lesezeit\">\n\t<meta name=\"twitter:data1\" content=\"2 Minuten\">\n<script type=\"application\/ld+json\" class=\"yoast-schema-graph\">{\"@context\":\"https:\/\/schema.org\",\"@graph\":[{\"@type\":[\"Person\",\"Organization\"],\"@id\":\"https:\/\/www.petramissal.de\/#\/schema\/person\/49233500ea19ed53f183ef680c53ae69\",\"name\":\"Petra Missal\",\"image\":{\"@type\":\"ImageObject\",\"@id\":\"https:\/\/www.petramissal.de\/#personlogo\",\"inLanguage\":\"de-DE\",\"url\":\"https:\/\/secure.gravatar.com\/avatar\/3b88f1b5ab2a546f6150acba0656b8f2?s=96&d=mm&r=g\",\"contentUrl\":\"https:\/\/secure.gravatar.com\/avatar\/3b88f1b5ab2a546f6150acba0656b8f2?s=96&d=mm&r=g\",\"caption\":\"Petra Missal\"},\"logo\":{\"@id\":\"https:\/\/www.petramissal.de\/#personlogo\"}},{\"@type\":\"WebSite\",\"@id\":\"https:\/\/www.petramissal.de\/#website\",\"url\":\"https:\/\/www.petramissal.de\/\",\"name\":\"petramissal\",\"description\":\"Kunst aus Kaarst\",\"publisher\":{\"@id\":\"https:\/\/www.petramissal.de\/#\/schema\/person\/49233500ea19ed53f183ef680c53ae69\"},\"potentialAction\":[{\"@type\":\"SearchAction\",\"target\":\"https:\/\/www.petramissal.de\/?s={search_term_string}\",\"query-input\":\"required name=search_term_string\"}],\"inLanguage\":\"de-DE\"},{\"@type\":\"WebPage\",\"@id\":\"https:\/\/www.petramissal.de\/?page_id=96#webpage\",\"url\":\"https:\/\/www.petramissal.de\/?page_id=96\",\"name\":\"Impressum - petramissal\",\"isPartOf\":{\"@id\":\"https:\/\/www.petramissal.de\/#website\"},\"datePublished\":\"2016-12-30T14:32:28+00:00\",\"dateModified\":\"2023-08-16T09:20:01+00:00\",\"breadcrumb\":{\"@id\":\"https:\/\/www.petramissal.de\/?page_id=96#breadcrumb\"},\"inLanguage\":\"de-DE\",\"potentialAction\":[{\"@type\":\"ReadAction\",\"target\":[\"https:\/\/www.petramissal.de\/?page_id=96\"]}]},{\"@type\":\"BreadcrumbList\",\"@id\":\"https:\/\/www.petramissal.de\/?page_id=96#breadcrumb\",\"itemListElement\":[{\"@type\":\"ListItem\",\"position\":1,\"item\":{\"@type\":\"WebPage\",\"@id\":\"https:\/\/www.petramissal.de\/\",\"url\":\"https:\/\/www.petramissal.de\/\",\"name\":\"Startseite\"}},{\"@type\":\"ListItem\",\"position\":2,\"item\":{\"@type\":\"WebPage\",\"@id\":\"https:\/\/www.petramissal.de\/?page_id=96\",\"url\":\"https:\/\/www.petramissal.de\/?page_id=96\",\"name\":\"Impressum\"}}]}]}<\/script>\n<!-- \/ Yoast SEO plugin. -->","_links":{"self":[{"href":"https:\/\/www.petramissal.de\/index.php?rest_route=\/wp\/v2\/pages\/96"}],"collection":[{"href":"https:\/\/www.petramissal.de\/index.php?rest_route=\/wp\/v2\/pages"}],"about":[{"href":"https:\/\/www.petramissal.de\/index.php?rest_route=\/wp\/v2\/types\/page"}],"author":[{"embeddable":true,"href":"https:\/\/www.petramissal.de\/index.php?rest_route=\/wp\/v2\/users\/1"}],"replies":[{"embeddable":true,"href":"https:\/\/www.petramissal.de\/index.php?rest_route=%2Fwp%2Fv2%2Fcomments&post=96"}],"version-history":[{"count":2,"href":"https:\/\/www.petramissal.de\/index.php?rest_route=\/wp\/v2\/pages\/96\/revisions"}],"predecessor-version":[{"id":636,"href":"https:\/\/www.petramissal.de\/index.php?rest_route=\/wp\/v2\/pages\/96\/revisions\/636"}],"wp:attachment":[{"href":"https:\/\/www.petramissal.de\/index.php?rest_route=%2Fwp%2Fv2%2Fmedia&parent=96"}],"curies":[{"name":"wp","href":"https:\/\/api.w.org\/{rel}","templated":true}]}}